{"id":6,"date":"2025-09-03T11:26:30","date_gmt":"2025-09-03T11:26:30","guid":{"rendered":"https:\/\/barelilacasilla.rkinformatika.online\/?page_id=6"},"modified":"2025-09-03T15:06:56","modified_gmt":"2025-09-03T15:06:56","slug":"servicios","status":"publish","type":"page","link":"https:\/\/barelilacasilla.com\/eu\/servicios\/","title":{"rendered":"Zerbitzuak"},"content":{"rendered":"<div data-elementor-type=\"wp-page\" data-elementor-id=\"6\" class=\"elementor elementor-6\" data-elementor-post-type=\"page\">\n\t\t\t\t\t\t<section class=\"elementor-section elementor-top-section elementor-element elementor-element-c4f6cbb elementor-section-boxed elementor-section-height-default elementor-section-height-default\" data-id=\"c4f6cbb\" data-element_type=\"section\" data-e-type=\"section\" data-settings=\"{&quot;background_background&quot;:&quot;classic&quot;}\">\n\t\t\t\t\t\t\t<div class=\"elementor-background-overlay\"><\/div>\n\t\t\t\t\t\t\t<div class=\"elementor-container elementor-column-gap-default\">\n\t\t\t\t\t<div class=\"elementor-column elementor-col-100 elementor-top-column elementor-element elementor-element-ebb0b0f\" data-id=\"ebb0b0f\" data-element_type=\"column\" data-e-type=\"column\">\n\t\t\t<div class=\"elementor-widget-wrap\">\n\t\t\t\t\t\t\t<\/div>\n\t\t<\/div>\n\t\t\t\t\t<\/div>\n\t\t<\/section>\n\t\t\t\t<section class=\"elementor-section elementor-top-section elementor-element elementor-element-7a12990 elementor-section-boxed elementor-section-height-default elementor-section-height-default elementor-invisible\" data-id=\"7a12990\" data-element_type=\"section\" data-e-type=\"section\" data-settings=\"{&quot;animation&quot;:&quot;fadeInRight&quot;}\">\n\t\t\t\t\t\t<div class=\"elementor-container elementor-column-gap-default\">\n\t\t\t\t\t<div class=\"elementor-column elementor-col-50 elementor-top-column elementor-element elementor-element-3db446a\" data-id=\"3db446a\" data-element_type=\"column\" data-e-type=\"column\">\n\t\t\t<div class=\"elementor-widget-wrap elementor-element-populated\">\n\t\t\t\t\t\t<div class=\"elementor-element elementor-element-5db1963 elementor-flip-box--effect-fade elementor-widget elementor-widget-flip-box\" data-id=\"5db1963\" data-element_type=\"widget\" data-e-type=\"widget\" data-widget_type=\"flip-box.default\">\n\t\t\t\t\t\t\t<div class=\"elementor-flip-box\" tabindex=\"0\">\n\t\t\t<div class=\"elementor-flip-box__layer elementor-flip-box__front\">\n\t\t\t\t<div class=\"elementor-flip-box__layer__overlay\">\n\t\t\t\t\t<div class=\"elementor-flip-box__layer__inner\">\n\t\t\t\t\t\t\n\t\t\t\t\t\t\n\t\t\t\t\t\t\t\t\t\t\t<\/div>\n\t\t\t\t<\/div>\n\t\t\t<\/div>\n\t\t\t<div class=\"elementor-flip-box__layer elementor-flip-box__back\">\n\t\t\t<div class=\"elementor-flip-box__layer__overlay\">\n\t\t\t\t<div class=\"elementor-flip-box__layer__inner\">\n\t\t\t\t\t\n\t\t\t\t\t\n\t\t\t\t\t\t\t\t<\/div>\n\t\t<\/div>\n\t\t<\/div>\n\t\t<\/div>\n\t\t\t\t\t\t<\/div>\n\t\t\t\t\t<\/div>\n\t\t<\/div>\n\t\t\t\t<div class=\"elementor-column elementor-col-50 elementor-top-column elementor-element elementor-element-db6da77\" data-id=\"db6da77\" data-element_type=\"column\" data-e-type=\"column\">\n\t\t\t<div class=\"elementor-widget-wrap elementor-element-populated\">\n\t\t\t\t\t\t<div class=\"elementor-element elementor-element-6559edc elementor-invisible elementor-widget elementor-widget-heading\" data-id=\"6559edc\" data-element_type=\"widget\" data-e-type=\"widget\" data-settings=\"{&quot;_animation&quot;:&quot;fadeIn&quot;,&quot;_animation_delay&quot;:50}\" data-widget_type=\"heading.default\">\n\t\t\t\t\t<h2 class=\"elementor-heading-title elementor-size-default\">nuestra especialidad<\/h2>\t\t\t\t<\/div>\n\t\t\t\t<div class=\"elementor-element elementor-element-fd15dc8 elementor-invisible elementor-widget elementor-widget-heading\" data-id=\"fd15dc8\" data-element_type=\"widget\" data-e-type=\"widget\" data-settings=\"{&quot;_animation&quot;:&quot;fadeIn&quot;,&quot;_animation_delay&quot;:100}\" data-widget_type=\"heading.default\">\n\t\t\t\t\t<h2 class=\"elementor-heading-title elementor-size-default\">Nuestros Servicios<\/h2>\t\t\t\t<\/div>\n\t\t\t\t<div class=\"elementor-element elementor-element-8eb6c62 elementor-widget elementor-widget-text-editor\" data-id=\"8eb6c62\" data-element_type=\"widget\" data-e-type=\"widget\" data-widget_type=\"text-editor.default\">\n\t\t\t\t\t\t\t\t\t<p>Te ofrecemos un rico caf\u00e9 calentito y la acostumbrada cerveza fr\u00eda, adem\u00e1s de una variedad de deliciosos pintxos, tortillas caseras, bocaditos de jam\u00f3n, platos variados y todo lo que puedas encontrar en un bar.<\/p>\n<p>Aqu\u00ed tendr\u00e1s la oportunidad de disfrutar de un ambiente acogedor y saborear cada uno de nuestros productos cuidadosamente seleccionados y preparados con amor.<\/p>\t\t\t\t\t\t\t\t<\/div>\n\t\t\t\t\t<\/div>\n\t\t<\/div>\n\t\t\t\t\t<\/div>\n\t\t<\/section>\n\t\t<div class=\"elementor-element elementor-element-898da1c e-flex e-con-boxed e-con e-parent\" data-id=\"898da1c\" data-element_type=\"container\" data-e-type=\"container\" data-settings=\"{&quot;background_background&quot;:&quot;classic&quot;}\">\n\t\t\t\t\t<div class=\"e-con-inner\">\n\t\t\t\t<div class=\"elementor-element elementor-element-b35666e elementor-invisible elementor-widget elementor-widget-heading\" data-id=\"b35666e\" data-element_type=\"widget\" data-e-type=\"widget\" data-settings=\"{&quot;_animation&quot;:&quot;fadeInRight&quot;,&quot;_animation_delay&quot;:100}\" data-widget_type=\"heading.default\">\n\t\t\t\t\t<h2 class=\"elementor-heading-title elementor-size-default\">\u00a1Descubre nuestro ambiente \u00fanico, te va a gustar!<\/h2>\t\t\t\t<\/div>\n\t\t\t\t<div class=\"elementor-element elementor-element-05152e7 elementor-widget elementor-widget-button\" data-id=\"05152e7\" data-element_type=\"widget\" data-e-type=\"widget\" data-widget_type=\"button.default\">\n\t\t\t\t\t\t\t\t\t\t<a class=\"elementor-button elementor-button-link elementor-size-sm elementor-animation-float\" href=\"\/eu\/contacto\/\">\n\t\t\t\t\t\t<span class=\"elementor-button-content-wrapper\">\n\t\t\t\t\t\t\t\t\t<span class=\"elementor-button-text\">Cont\u00e1ctanos<\/span>\n\t\t\t\t\t<\/span>\n\t\t\t\t\t<\/a>\n\t\t\t\t\t\t\t\t<\/div>\n\t\t\t\t\t<\/div>\n\t\t\t\t<\/div>\n\t\t\t\t<section class=\"elementor-section elementor-top-section elementor-element elementor-element-34b83cc elementor-section-boxed elementor-section-height-default elementor-section-height-default\" data-id=\"34b83cc\" data-element_type=\"section\" data-e-type=\"section\">\n\t\t\t\t\t\t<div class=\"elementor-container elementor-column-gap-default\">\n\t\t\t\t\t<div class=\"elementor-column elementor-col-100 elementor-top-column elementor-element elementor-element-b89b093\" data-id=\"b89b093\" data-element_type=\"column\" data-e-type=\"column\">\n\t\t\t<div class=\"elementor-widget-wrap elementor-element-populated\">\n\t\t\t\t\t\t<div class=\"elementor-element elementor-element-5729b01 elementor-invisible elementor-widget elementor-widget-heading\" data-id=\"5729b01\" data-element_type=\"widget\" data-e-type=\"widget\" data-settings=\"{&quot;_animation&quot;:&quot;fadeIn&quot;,&quot;_animation_delay&quot;:50}\" data-widget_type=\"heading.default\">\n\t\t\t\t\t<h2 class=\"elementor-heading-title elementor-size-default\">Gure janaria<\/h2>\t\t\t\t<\/div>\n\t\t\t\t<div class=\"elementor-element elementor-element-997ecc5 elementor-invisible elementor-widget elementor-widget-heading\" data-id=\"997ecc5\" data-element_type=\"widget\" data-e-type=\"widget\" data-settings=\"{&quot;_animation&quot;:&quot;fadeIn&quot;,&quot;_animation_delay&quot;:100}\" data-widget_type=\"heading.default\">\n\t\t\t\t\t<h2 class=\"elementor-heading-title elementor-size-default\">Nuestros platos. . .<\/h2>\t\t\t\t<\/div>\n\t\t\t\t<div class=\"elementor-element elementor-element-fcf42be elementor-widget elementor-widget-gallery\" data-id=\"fcf42be\" data-element_type=\"widget\" data-e-type=\"widget\" data-settings=\"{&quot;lazyload&quot;:&quot;yes&quot;,&quot;gallery_layout&quot;:&quot;grid&quot;,&quot;columns&quot;:4,&quot;columns_tablet&quot;:2,&quot;columns_mobile&quot;:1,&quot;gap&quot;:{&quot;unit&quot;:&quot;px&quot;,&quot;size&quot;:10,&quot;sizes&quot;:[]},&quot;gap_tablet&quot;:{&quot;unit&quot;:&quot;px&quot;,&quot;size&quot;:10,&quot;sizes&quot;:[]},&quot;gap_mobile&quot;:{&quot;unit&quot;:&quot;px&quot;,&quot;size&quot;:10,&quot;sizes&quot;:[]},&quot;link_to&quot;:&quot;file&quot;,&quot;aspect_ratio&quot;:&quot;3:2&quot;,&quot;overlay_background&quot;:&quot;yes&quot;,&quot;content_hover_animation&quot;:&quot;fade-in&quot;}\" data-widget_type=\"gallery.default\">\n\t\t\t\t\t\t\t<div class=\"elementor-gallery__container\">\n\t\t\t\t\t\t\t<a class=\"e-gallery-item elementor-gallery-item elementor-animated-content\" href=\"https:\/\/barelilacasilla.com\/wp-content\/uploads\/2025\/09\/unnamed.jpg\" data-elementor-open-lightbox=\"yes\" data-elementor-lightbox-slideshow=\"fcf42be\" data-e-action-hash=\"#elementor-action%3Aaction%3Dlightbox%26settings%3DeyJpZCI6MTE5LCJ1cmwiOiJodHRwczpcL1wvYmFyZWxpbGFjYXNpbGxhLmNvbVwvd3AtY29udGVudFwvdXBsb2Fkc1wvMjAyNVwvMDlcL3VubmFtZWQuanBnIiwic2xpZGVzaG93IjoiZmNmNDJiZSJ9\">\n\t\t\t\t\t<div class=\"e-gallery-image elementor-gallery-item__image\" data-thumbnail=\"https:\/\/barelilacasilla.com\/wp-content\/uploads\/2025\/09\/unnamed-300x226.jpg\" data-width=\"300\" data-height=\"226\" aria-label=\"\" role=\"img\" ><\/div>\n\t\t\t\t\t\t\t\t\t\t\t<div class=\"elementor-gallery-item__overlay\"><\/div>\n\t\t\t\t\t\t\t\t\t\t\t\t\t\t<\/a>\n\t\t\t\t\t\t\t<a class=\"e-gallery-item elementor-gallery-item elementor-animated-content\" href=\"https:\/\/barelilacasilla.com\/wp-content\/uploads\/2025\/09\/unnamed-1.jpg\" data-elementor-open-lightbox=\"yes\" data-elementor-lightbox-slideshow=\"fcf42be\" data-e-action-hash=\"#elementor-action%3Aaction%3Dlightbox%26settings%3DeyJpZCI6MTE4LCJ1cmwiOiJodHRwczpcL1wvYmFyZWxpbGFjYXNpbGxhLmNvbVwvd3AtY29udGVudFwvdXBsb2Fkc1wvMjAyNVwvMDlcL3VubmFtZWQtMS5qcGciLCJzbGlkZXNob3ciOiJmY2Y0MmJlIn0%3D\">\n\t\t\t\t\t<div class=\"e-gallery-image elementor-gallery-item__image\" data-thumbnail=\"https:\/\/barelilacasilla.com\/wp-content\/uploads\/2025\/09\/unnamed-1-300x226.jpg\" data-width=\"300\" data-height=\"226\" aria-label=\"\" role=\"img\" ><\/div>\n\t\t\t\t\t\t\t\t\t\t\t<div class=\"elementor-gallery-item__overlay\"><\/div>\n\t\t\t\t\t\t\t\t\t\t\t\t\t\t<\/a>\n\t\t\t\t\t\t\t<a class=\"e-gallery-item elementor-gallery-item elementor-animated-content\" href=\"https:\/\/barelilacasilla.com\/wp-content\/uploads\/2025\/09\/unnamed-2.jpg\" data-elementor-open-lightbox=\"yes\" data-elementor-lightbox-slideshow=\"fcf42be\" data-e-action-hash=\"#elementor-action%3Aaction%3Dlightbox%26settings%3DeyJpZCI6MTE3LCJ1cmwiOiJodHRwczpcL1wvYmFyZWxpbGFjYXNpbGxhLmNvbVwvd3AtY29udGVudFwvdXBsb2Fkc1wvMjAyNVwvMDlcL3VubmFtZWQtMi5qcGciLCJzbGlkZXNob3ciOiJmY2Y0MmJlIn0%3D\">\n\t\t\t\t\t<div class=\"e-gallery-image elementor-gallery-item__image\" data-thumbnail=\"https:\/\/barelilacasilla.com\/wp-content\/uploads\/2025\/09\/unnamed-2-225x300.jpg\" data-width=\"225\" data-height=\"300\" aria-label=\"\" role=\"img\" ><\/div>\n\t\t\t\t\t\t\t\t\t\t\t<div class=\"elementor-gallery-item__overlay\"><\/div>\n\t\t\t\t\t\t\t\t\t\t\t\t\t\t<\/a>\n\t\t\t\t\t\t\t<a class=\"e-gallery-item elementor-gallery-item elementor-animated-content\" href=\"https:\/\/barelilacasilla.com\/wp-content\/uploads\/2025\/09\/unnamed-3.jpg\" data-elementor-open-lightbox=\"yes\" data-elementor-lightbox-slideshow=\"fcf42be\" data-e-action-hash=\"#elementor-action%3Aaction%3Dlightbox%26settings%3DeyJpZCI6MTE2LCJ1cmwiOiJodHRwczpcL1wvYmFyZWxpbGFjYXNpbGxhLmNvbVwvd3AtY29udGVudFwvdXBsb2Fkc1wvMjAyNVwvMDlcL3VubmFtZWQtMy5qcGciLCJzbGlkZXNob3ciOiJmY2Y0MmJlIn0%3D\">\n\t\t\t\t\t<div class=\"e-gallery-image elementor-gallery-item__image\" data-thumbnail=\"https:\/\/barelilacasilla.com\/wp-content\/uploads\/2025\/09\/unnamed-3-300x203.jpg\" data-width=\"300\" data-height=\"203\" aria-label=\"\" role=\"img\" ><\/div>\n\t\t\t\t\t\t\t\t\t\t\t<div class=\"elementor-gallery-item__overlay\"><\/div>\n\t\t\t\t\t\t\t\t\t\t\t\t\t\t<\/a>\n\t\t\t\t\t\t\t<a class=\"e-gallery-item elementor-gallery-item elementor-animated-content\" href=\"https:\/\/barelilacasilla.com\/wp-content\/uploads\/2025\/09\/unnamed-4.jpg\" data-elementor-open-lightbox=\"yes\" data-elementor-lightbox-slideshow=\"fcf42be\" data-e-action-hash=\"#elementor-action%3Aaction%3Dlightbox%26settings%3DeyJpZCI6MTE1LCJ1cmwiOiJodHRwczpcL1wvYmFyZWxpbGFjYXNpbGxhLmNvbVwvd3AtY29udGVudFwvdXBsb2Fkc1wvMjAyNVwvMDlcL3VubmFtZWQtNC5qcGciLCJzbGlkZXNob3ciOiJmY2Y0MmJlIn0%3D\">\n\t\t\t\t\t<div class=\"e-gallery-image elementor-gallery-item__image\" data-thumbnail=\"https:\/\/barelilacasilla.com\/wp-content\/uploads\/2025\/09\/unnamed-4-300x244.jpg\" data-width=\"300\" data-height=\"244\" aria-label=\"\" role=\"img\" ><\/div>\n\t\t\t\t\t\t\t\t\t\t\t<div class=\"elementor-gallery-item__overlay\"><\/div>\n\t\t\t\t\t\t\t\t\t\t\t\t\t\t<\/a>\n\t\t\t\t\t\t\t<a class=\"e-gallery-item elementor-gallery-item elementor-animated-content\" href=\"https:\/\/barelilacasilla.com\/wp-content\/uploads\/2025\/09\/unnamed-5.jpg\" data-elementor-open-lightbox=\"yes\" data-elementor-lightbox-slideshow=\"fcf42be\" data-e-action-hash=\"#elementor-action%3Aaction%3Dlightbox%26settings%3DeyJpZCI6MTE0LCJ1cmwiOiJodHRwczpcL1wvYmFyZWxpbGFjYXNpbGxhLmNvbVwvd3AtY29udGVudFwvdXBsb2Fkc1wvMjAyNVwvMDlcL3VubmFtZWQtNS5qcGciLCJzbGlkZXNob3ciOiJmY2Y0MmJlIn0%3D\">\n\t\t\t\t\t<div class=\"e-gallery-image elementor-gallery-item__image\" data-thumbnail=\"https:\/\/barelilacasilla.com\/wp-content\/uploads\/2025\/09\/unnamed-5-169x300.jpg\" data-width=\"169\" data-height=\"300\" aria-label=\"\" role=\"img\" ><\/div>\n\t\t\t\t\t\t\t\t\t\t\t<div class=\"elementor-gallery-item__overlay\"><\/div>\n\t\t\t\t\t\t\t\t\t\t\t\t\t\t<\/a>\n\t\t\t\t\t\t\t<a class=\"e-gallery-item elementor-gallery-item elementor-animated-content\" href=\"https:\/\/barelilacasilla.com\/wp-content\/uploads\/2025\/09\/unnamed5.jpg\" data-elementor-open-lightbox=\"yes\" data-elementor-lightbox-slideshow=\"fcf42be\" data-e-action-hash=\"#elementor-action%3Aaction%3Dlightbox%26settings%3DeyJpZCI6NzksInVybCI6Imh0dHBzOlwvXC9iYXJlbGlsYWNhc2lsbGEuY29tXC93cC1jb250ZW50XC91cGxvYWRzXC8yMDI1XC8wOVwvdW5uYW1lZDUuanBnIiwic2xpZGVzaG93IjoiZmNmNDJiZSJ9\">\n\t\t\t\t\t<div class=\"e-gallery-image elementor-gallery-item__image\" data-thumbnail=\"https:\/\/barelilacasilla.com\/wp-content\/uploads\/2025\/09\/unnamed5-169x300.jpg\" data-width=\"169\" data-height=\"300\" aria-label=\"\" role=\"img\" ><\/div>\n\t\t\t\t\t\t\t\t\t\t\t<div class=\"elementor-gallery-item__overlay\"><\/div>\n\t\t\t\t\t\t\t\t\t\t\t\t\t\t<\/a>\n\t\t\t\t\t<\/div>\n\t\t\t\t\t<\/div>\n\t\t\t\t\t<\/div>\n\t\t<\/div>\n\t\t\t\t\t<\/div>\n\t\t<\/section>\n\t\t\t\t<\/div>","protected":false},"excerpt":{"rendered":"<p>nuestra especialidad Nuestros Servicios Te ofrecemos un rico caf\u00e9 calentito y la acostumbrada cerveza fr\u00eda, adem\u00e1s de una variedad de deliciosos pintxos, tortillas caseras, bocaditos de jam\u00f3n, platos variados y todo lo que puedas encontrar en un bar. Aqu\u00ed tendr\u00e1s la oportunidad de disfrutar de un ambiente acogedor y saborear cada uno de nuestros productos [&hellip;]<\/p>\n","protected":false},"author":1,"featured_media":0,"parent":0,"menu_order":0,"comment_status":"closed","ping_status":"closed","template":"elementor_canvas","meta":{"footnotes":""},"class_list":["post-6","page","type-page","status-publish","hentry"],"yoast_head":"<!-- This site is optimized with the Yoast SEO plugin v27.5 - https:\/\/yoast.com\/product\/yoast-seo-wordpress\/ -->\n<title>Servicios - Bar Eli<\/title>\n<meta name=\"robots\" content=\"index, follow, max-snippet:-1, max-image-preview:large, max-video-preview:-1\" \/>\n<link rel=\"canonical\" href=\"https:\/\/barelilacasilla.com\/eu\/servicios\/\" \/>\n<meta property=\"og:locale\" content=\"en_US\" \/>\n<meta property=\"og:type\" content=\"article\" \/>\n<meta property=\"og:title\" content=\"Servicios - Bar Eli\" \/>\n<meta property=\"og:description\" content=\"nuestra especialidad Nuestros Servicios Te ofrecemos un rico caf\u00e9 calentito y la acostumbrada cerveza fr\u00eda, adem\u00e1s de una variedad de deliciosos pintxos, tortillas caseras, bocaditos de jam\u00f3n, platos variados y todo lo que puedas encontrar en un bar. Aqu\u00ed tendr\u00e1s la oportunidad de disfrutar de un ambiente acogedor y saborear cada uno de nuestros productos [&hellip;]\" \/>\n<meta property=\"og:url\" content=\"https:\/\/barelilacasilla.com\/eu\/servicios\/\" \/>\n<meta property=\"og:site_name\" content=\"Bar Eli\" \/>\n<meta property=\"article:modified_time\" content=\"2025-09-03T15:06:56+00:00\" \/>\n<meta name=\"twitter:card\" content=\"summary_large_image\" \/>\n<meta name=\"twitter:label1\" content=\"Est. reading time\" \/>\n\t<meta name=\"twitter:data1\" content=\"1 minutua\" \/>\n<script type=\"application\/ld+json\" class=\"yoast-schema-graph\">{\"@context\":\"https:\\\/\\\/schema.org\",\"@graph\":[{\"@type\":\"WebPage\",\"@id\":\"https:\\\/\\\/barelilacasilla.com\\\/servicios\\\/\",\"url\":\"https:\\\/\\\/barelilacasilla.com\\\/servicios\\\/\",\"name\":\"Servicios - Bar Eli\",\"isPartOf\":{\"@id\":\"https:\\\/\\\/barelilacasilla.com\\\/#website\"},\"datePublished\":\"2025-09-03T11:26:30+00:00\",\"dateModified\":\"2025-09-03T15:06:56+00:00\",\"breadcrumb\":{\"@id\":\"https:\\\/\\\/barelilacasilla.com\\\/servicios\\\/#breadcrumb\"},\"inLanguage\":\"eu\",\"potentialAction\":[{\"@type\":\"ReadAction\",\"target\":[\"https:\\\/\\\/barelilacasilla.com\\\/servicios\\\/\"]}]},{\"@type\":\"BreadcrumbList\",\"@id\":\"https:\\\/\\\/barelilacasilla.com\\\/servicios\\\/#breadcrumb\",\"itemListElement\":[{\"@type\":\"ListItem\",\"position\":1,\"name\":\"Portada\",\"item\":\"https:\\\/\\\/barelilacasilla.com\\\/\"},{\"@type\":\"ListItem\",\"position\":2,\"name\":\"Servicios\"}]},{\"@type\":\"WebSite\",\"@id\":\"https:\\\/\\\/barelilacasilla.com\\\/#website\",\"url\":\"https:\\\/\\\/barelilacasilla.com\\\/\",\"name\":\"Bar Eli\",\"description\":\"Bar Eli\",\"publisher\":{\"@id\":\"https:\\\/\\\/barelilacasilla.com\\\/#organization\"},\"potentialAction\":[{\"@type\":\"SearchAction\",\"target\":{\"@type\":\"EntryPoint\",\"urlTemplate\":\"https:\\\/\\\/barelilacasilla.com\\\/?s={search_term_string}\"},\"query-input\":{\"@type\":\"PropertyValueSpecification\",\"valueRequired\":true,\"valueName\":\"search_term_string\"}}],\"inLanguage\":\"eu\"},{\"@type\":\"Organization\",\"@id\":\"https:\\\/\\\/barelilacasilla.com\\\/#organization\",\"name\":\"Bar Eli\",\"url\":\"https:\\\/\\\/barelilacasilla.com\\\/\",\"logo\":{\"@type\":\"ImageObject\",\"inLanguage\":\"eu\",\"@id\":\"https:\\\/\\\/barelilacasilla.com\\\/#\\\/schema\\\/logo\\\/image\\\/\",\"url\":\"https:\\\/\\\/barelilacasilla.com\\\/wp-content\\\/uploads\\\/2025\\\/09\\\/barelibilbao202506_logoarriba.jpg\",\"contentUrl\":\"https:\\\/\\\/barelilacasilla.com\\\/wp-content\\\/uploads\\\/2025\\\/09\\\/barelibilbao202506_logoarriba.jpg\",\"width\":346,\"height\":222,\"caption\":\"Bar Eli\"},\"image\":{\"@id\":\"https:\\\/\\\/barelilacasilla.com\\\/#\\\/schema\\\/logo\\\/image\\\/\"}}]}<\/script>\n<!-- \/ Yoast SEO plugin. -->","yoast_head_json":{"title":"Servicios - Bar Eli","robots":{"index":"index","follow":"follow","max-snippet":"max-snippet:-1","max-image-preview":"max-image-preview:large","max-video-preview":"max-video-preview:-1"},"canonical":"https:\/\/barelilacasilla.com\/eu\/servicios\/","og_locale":"en_US","og_type":"article","og_title":"Servicios - Bar Eli","og_description":"nuestra especialidad Nuestros Servicios Te ofrecemos un rico caf\u00e9 calentito y la acostumbrada cerveza fr\u00eda, adem\u00e1s de una variedad de deliciosos pintxos, tortillas caseras, bocaditos de jam\u00f3n, platos variados y todo lo que puedas encontrar en un bar. Aqu\u00ed tendr\u00e1s la oportunidad de disfrutar de un ambiente acogedor y saborear cada uno de nuestros productos [&hellip;]","og_url":"https:\/\/barelilacasilla.com\/eu\/servicios\/","og_site_name":"Bar Eli","article_modified_time":"2025-09-03T15:06:56+00:00","twitter_card":"summary_large_image","twitter_misc":{"Est. reading time":"1 minutua"},"schema":{"@context":"https:\/\/schema.org","@graph":[{"@type":"WebPage","@id":"https:\/\/barelilacasilla.com\/servicios\/","url":"https:\/\/barelilacasilla.com\/servicios\/","name":"Servicios - Bar Eli","isPartOf":{"@id":"https:\/\/barelilacasilla.com\/#website"},"datePublished":"2025-09-03T11:26:30+00:00","dateModified":"2025-09-03T15:06:56+00:00","breadcrumb":{"@id":"https:\/\/barelilacasilla.com\/servicios\/#breadcrumb"},"inLanguage":"eu","potentialAction":[{"@type":"ReadAction","target":["https:\/\/barelilacasilla.com\/servicios\/"]}]},{"@type":"BreadcrumbList","@id":"https:\/\/barelilacasilla.com\/servicios\/#breadcrumb","itemListElement":[{"@type":"ListItem","position":1,"name":"Portada","item":"https:\/\/barelilacasilla.com\/"},{"@type":"ListItem","position":2,"name":"Servicios"}]},{"@type":"WebSite","@id":"https:\/\/barelilacasilla.com\/#website","url":"https:\/\/barelilacasilla.com\/","name":"Bar Eli","description":"Bar Eli","publisher":{"@id":"https:\/\/barelilacasilla.com\/#organization"},"potentialAction":[{"@type":"SearchAction","target":{"@type":"EntryPoint","urlTemplate":"https:\/\/barelilacasilla.com\/?s={search_term_string}"},"query-input":{"@type":"PropertyValueSpecification","valueRequired":true,"valueName":"search_term_string"}}],"inLanguage":"eu"},{"@type":"Organization","@id":"https:\/\/barelilacasilla.com\/#organization","name":"Bar Eli","url":"https:\/\/barelilacasilla.com\/","logo":{"@type":"ImageObject","inLanguage":"eu","@id":"https:\/\/barelilacasilla.com\/#\/schema\/logo\/image\/","url":"https:\/\/barelilacasilla.com\/wp-content\/uploads\/2025\/09\/barelibilbao202506_logoarriba.jpg","contentUrl":"https:\/\/barelilacasilla.com\/wp-content\/uploads\/2025\/09\/barelibilbao202506_logoarriba.jpg","width":346,"height":222,"caption":"Bar Eli"},"image":{"@id":"https:\/\/barelilacasilla.com\/#\/schema\/logo\/image\/"}}]}},"_links":{"self":[{"href":"https:\/\/barelilacasilla.com\/eu\/wp-json\/wp\/v2\/pages\/6","targetHints":{"allow":["GET"]}}],"collection":[{"href":"https:\/\/barelilacasilla.com\/eu\/wp-json\/wp\/v2\/pages"}],"about":[{"href":"https:\/\/barelilacasilla.com\/eu\/wp-json\/wp\/v2\/types\/page"}],"author":[{"embeddable":true,"href":"https:\/\/barelilacasilla.com\/eu\/wp-json\/wp\/v2\/users\/1"}],"replies":[{"embeddable":true,"href":"https:\/\/barelilacasilla.com\/eu\/wp-json\/wp\/v2\/comments?post=6"}],"version-history":[{"count":28,"href":"https:\/\/barelilacasilla.com\/eu\/wp-json\/wp\/v2\/pages\/6\/revisions"}],"predecessor-version":[{"id":288,"href":"https:\/\/barelilacasilla.com\/eu\/wp-json\/wp\/v2\/pages\/6\/revisions\/288"}],"wp:attachment":[{"href":"https:\/\/barelilacasilla.com\/eu\/wp-json\/wp\/v2\/media?parent=6"}],"curies":[{"name":"wp","href":"https:\/\/api.w.org\/{rel}","templated":true}]}}